{"id":2262,"date":"2021-04-30T07:46:00","date_gmt":"2021-04-30T05:46:00","guid":{"rendered":"https:\/\/www.sicobel.com\/mentions-legales\/"},"modified":"2024-09-27T15:11:14","modified_gmt":"2024-09-27T13:11:14","slug":"legal-notices","status":"publish","type":"page","link":"https:\/\/preprod.sicobel.com\/en\/legal-notices\/","title":{"rendered":"Legal notices"},"content":{"rendered":"\n<p>SICOBEL &#8211; Legal information<\/p>\n\n\n\n<p>Publisher information: Laboratoires Sicobel<\/p>\n\n\n\n<p>Laboratoires Sicobel <br>104 Avenue Fr\u00e9d\u00e9ric Mistral<br>38670 Chasse-sur-Rh\u00f4ne<br>\u00a0+33 4 76 08 61 45<br>France<\/p>\n\n\n\n<p>SIREN 388 567 406<br>VAT NUMBER FR 74 388 567 406<\/p>\n\n\n\n<p>DESIGN AND PUBLISHING<\/p>\n\n\n\n<p>Design and development: Elements Groupe &#8221; Communication, marketing and digital agency<\/p>\n\n\n\n<p>19 bis rue des Granges<br>69005 Lyon<br>Tel. +33 (0) 9 72 60 27 55<br><a href=\"https:\/\/www.elementsgroupe.com\/\" target=\"_blank\" rel=\"noreferrer noopener\">www.elementsgroupe.com<\/a><\/p>\n\n\n\n<p>GENERAL CONDITIONS OF USE OF THE SITE AND THE SERVICES OFFERED<\/p>\n\n\n\n<p>Use of the <a href=\"https:\/\/www.sicobel.com\">www.sicobel.com<\/a> website implies full acceptance of the general conditions of use described below. These conditions of use may be modified or supplemented at any time, and users of the <a href=\"https:\/\/www.sicobel.com\">www.sicobel.com<\/a> site are therefore invited to consult them regularly.<\/p>\n\n\n\n<p>This site is normally accessible to users at all times. However, <a href=\"https:\/\/www.sicobel.com\">www.sicobel.com<\/a> may decide to interrupt the site for technical maintenance purposes and will endeavour to inform users of the dates and times of the intervention beforehand.<\/p>\n\n\n\n<p>The <a href=\"https:\/\/www.sicobel.com\">www.sicobel.com<\/a> website is updated regularly. Similarly, the legal notices may be modified at any time: they are nevertheless binding on the user, who is invited to refer to them as often as possible in order to read them.<\/p>\n\n\n\n<p>SCOPE OF THE CONTENTS<\/p>\n\n\n\n<p>Despite the care taken in the collection of information and the creation of the site using the most recent techniques, errors, omissions, inaccuracies, cuts or additions beyond our control may remain or be inserted on this site <a href=\"https:\/\/www.sicobel.com\">www.sicobel.com<\/a> cannot, for this reason, be held liable, either expressly or implicitly, for the entire content of the site; the user of the site and the information it contains acknowledges that he or she uses it at his or her own risk and that <a href=\"https:\/\/www.sicobel.com\">www.sicobel.com<\/a> cannot therefore be held liable for any direct or indirect damage of any kind resulting in whole or in part from the use of the information on the site.<\/p>\n\n\n\n<p>Similarly, Elements Groupe shall not be held liable for the nature or content of the sites referenced on the following pages and in particular those for which access is permitted by the use of hypertext links appearing on the pages of this site. In accordance with the law n\u00b078-17 of January 6, 1978, you have the right to access and rectify data concerning you.<\/p>\n\n\n\n<p>COPYRIGHTS<\/p>\n\n\n\n<p>The <a href=\"https:\/\/www.sicobel.com\">www.sicobel.com<\/a> website is intended for the personal information of its visitors. No commercial use, even partial, of the data presented on the site may be made without the prior written agreement of Laboratoires Sicobel.<\/p>\n\n\n\n<p>INTELLECTUAL PROPERTY RIGHTS<\/p>\n\n\n\n<p>The presentation and content of this Site together constitute a work protected by the laws in force on intellectual property, of which  Laboratoires Sicobel is the owner. The use or reproduction, even partial, of the texts, photos or graphics contained herein is prohibited without the prior written consent of Laboratoires Sicobel and may constitute an infringement. Likewise, any reproduction, representation, adaptation, translation or modification, whether partial or complete, or transfer to another site is prohibited.<\/p>\n\n\n\n<p>In accordance with article L.122-4 of the French Intellectual Property Code, &#8220;any representation or reproduction, in whole or in part, made without the consent of the author or his successors or assigns is unlawful. The same applies to translation, adaptation or transformation, arrangement or reproduction by any art or process whatsoever&#8221;.<\/p>\n\n\n\n<p>Laboratoires Sicobel  wishes to point out that the items on this site may be freely consulted for private, informative or educational purposes. Any other form of exploitation of these elements constitutes an act of infringement of the rights of their authors, as provided for and punishable under articles L335-4 et seq. of the French Intellectual Property Code.<\/p>\n\n\n\n<p>In accordance with article L342-1 of the French Intellectual Property Code,  Laboratoires Sicobel prohibits the extraction by permanent or temporary transfer to any medium, by any means, and in any form whatsoever, of all or a substantial part of the content of this site, unless these operations are carried out for purely private, informative or educational purposes. It also prohibits the reuse, by making available to the public in any form whatsoever, of all or part of the content of this site or of each of its constituent elements.<\/p>\n\n\n\n<p>CREDITS PHOTOS<\/p>\n\n\n\n<p>Fotolia, Shutterstock, Istock<\/p>\n\n\n\n<p>All rights reserved for the photographs illustrating this site.<\/p>\n\n\n\n<p>WITHOUT WARRANTY<\/p>\n\n\n\n<p>The website, the information and the functionalities proposed correspond to the legal rules in force. However, you are responsible for its use.  Laboratoires Sicobel and its affiliates and partners do not guarantee the accuracy, commercial value, quality or non-infringement of any information published on the website or available through this website.<\/p>\n\n\n\n<p>Furthermore, Laboratoires Sicobel, its affiliates and partners cannot guarantee that the server that makes the website accessible is protected from any virus likely to cause damage to, infect or destroy your computer system or any other installation when you access this website, download a document or use any other function of the site.<\/p>\n\n\n\n<p>In accordance with the law,  Laboratoires Sicobel, its affiliates and partners may not, in any way, be held liable for direct or indirect damage, whether accidental or not, resulting from the use, or misuse, of the website. Likewise,  Laboratoires Sicobel, its affiliates and partners shall in no way be held liable for any direct or indirect damage caused by errors or omissions on this website, in the information communicated among the functions offered.<\/p>\n\n\n\n<p> Laboratoires Sicobel, its affiliates and partners reserve the right to modify, add to or delete the terms and conditions of use at any time without notice. These changes shall apply as soon as they are published on the site. Consultation of the site once these changes have been made shall automatically imply their acceptance. Laboratoires Sicobel  also reserves the right to modify, add or delete all or part of the content or functions of the site at any time without prior notice and without Laboratoires Sicobel, its affiliates and partners being held liable by the site visitor.<\/p>\n\n\n\n<p><\/p>\n","protected":false},"excerpt":{"rendered":"<p>SICOBEL &#8211; Legal information Publisher information: Laboratoires Sicobel Laboratoires Sicobel 104 Avenue Fr\u00e9d\u00e9ric Mistral38670 Chasse-sur-Rh\u00f4ne\u00a0+33 4 76 08 61 45France SIREN 388 567 406VAT NUMBER FR 74 388 567 406 DESIGN AND PUBLISHING Design and development: Elements Groupe &#8221; Communication, marketing and digital agency 19 bis rue des Granges69005 LyonTel. +33 (0) 9 72 60 [&hellip;]<\/p>\n","protected":false},"author":1,"featured_media":0,"parent":0,"menu_order":0,"comment_status":"closed","ping_status":"closed","template":"","meta":{"_acf_changed":false,"_seopress_robots_primary_cat":"","_seopress_titles_title":"","_seopress_titles_desc":"","_seopress_robots_index":"","footnotes":""},"class_list":["post-2262","page","type-page","status-publish","hentry"],"acf":[],"_links":{"self":[{"href":"https:\/\/preprod.sicobel.com\/en\/wp-json\/wp\/v2\/pages\/2262","targetHints":{"allow":["GET"]}}],"collection":[{"href":"https:\/\/preprod.sicobel.com\/en\/wp-json\/wp\/v2\/pages"}],"about":[{"href":"https:\/\/preprod.sicobel.com\/en\/wp-json\/wp\/v2\/types\/page"}],"author":[{"embeddable":true,"href":"https:\/\/preprod.sicobel.com\/en\/wp-json\/wp\/v2\/users\/1"}],"replies":[{"embeddable":true,"href":"https:\/\/preprod.sicobel.com\/en\/wp-json\/wp\/v2\/comments?post=2262"}],"version-history":[{"count":5,"href":"https:\/\/preprod.sicobel.com\/en\/wp-json\/wp\/v2\/pages\/2262\/revisions"}],"predecessor-version":[{"id":3534,"href":"https:\/\/preprod.sicobel.com\/en\/wp-json\/wp\/v2\/pages\/2262\/revisions\/3534"}],"wp:attachment":[{"href":"https:\/\/preprod.sicobel.com\/en\/wp-json\/wp\/v2\/media?parent=2262"}],"curies":[{"name":"wp","href":"https:\/\/api.w.org\/{rel}","templated":true}]}}